{"id":57,"date":"2016-09-27T09:12:42","date_gmt":"2016-09-27T12:12:42","guid":{"rendered":"http:\/\/www.savy.com.br\/?page_id=57"},"modified":"2024-07-26T14:13:22","modified_gmt":"2024-07-26T17:13:22","slug":"clientes","status":"publish","type":"page","link":"https:\/\/www.savy.com.br\/index.php\/clientes\/","title":{"rendered":"Clientes"},"content":{"rendered":"\t\t<div data-elementor-type=\"wp-page\" data-elementor-id=\"57\" class=\"elementor elementor-57\">\n\t\t\t\t<div class=\"elementor-element elementor-element-33813b5 e-con-full e-flex e-con e-parent\" data-id=\"33813b5\" data-element_type=\"container\" data-settings=\"{&quot;content_width&quot;:&quot;full&quot;}\" data-core-v316-plus=\"true\">\n\t\t<div class=\"elementor-element elementor-element-3a37b9b e-con-full e-flex e-con e-child\" data-id=\"3a37b9b\" data-element_type=\"container\" data-settings=\"{&quot;content_width&quot;:&quot;full&quot;}\">\n\t\t\t\t<div class=\"elementor-element elementor-element-c74c6f4 elementor-widget elementor-widget-heading\" data-id=\"c74c6f4\" data-element_type=\"widget\" data-widget_type=\"heading.default\">\n\t\t\t\t<div class=\"elementor-widget-container\">\n\t\t\t<style>\/*! elementor - v3.19.0 - 05-02-2024 *\/\n.elementor-heading-title{padding:0;margin:0;line-height:1}.elementor-widget-heading .elementor-heading-title[class*=elementor-size-]>a{color:inherit;font-size:inherit;line-height:inherit}.elementor-widget-heading .elementor-heading-title.elementor-size-small{font-size:15px}.elementor-widget-heading .elementor-heading-title.elementor-size-medium{font-size:19px}.elementor-widget-heading .elementor-heading-title.elementor-size-large{font-size:29px}.elementor-widget-heading .elementor-heading-title.elementor-size-xl{font-size:39px}.elementor-widget-heading .elementor-heading-title.elementor-size-xxl{font-size:59px}<\/style><h2 class=\"elementor-heading-title elementor-size-default\">Alguns de nossos clientes:<\/h2>\t\t<\/div>\n\t\t\t\t<\/div>\n\t\t\t\t<\/div>\n\t\t\t\t<\/div>\n\t\t<div class=\"elementor-element elementor-element-26431933 e-con-full e-flex e-con e-parent\" data-id=\"26431933\" data-element_type=\"container\" data-settings=\"{&quot;content_width&quot;:&quot;full&quot;}\" data-core-v316-plus=\"true\">\n\t\t\t\t<div class=\"elementor-element elementor-element-5d1d489d elementor-widget elementor-widget-text-editor\" data-id=\"5d1d489d\" data-element_type=\"widget\" data-widget_type=\"text-editor.default\">\n\t\t\t\t<div class=\"elementor-widget-container\">\n\t\t\t<style>\/*! elementor - v3.19.0 - 05-02-2024 *\/\n.elementor-widget-text-editor.elementor-drop-cap-view-stacked .elementor-drop-cap{background-color:#69727d;color:#fff}.elementor-widget-text-editor.elementor-drop-cap-view-framed .elementor-drop-cap{color:#69727d;border:3px solid;background-color:transparent}.elementor-widget-text-editor:not(.elementor-drop-cap-view-default) .elementor-drop-cap{margin-top:8px}.elementor-widget-text-editor:not(.elementor-drop-cap-view-default) .elementor-drop-cap-letter{width:1em;height:1em}.elementor-widget-text-editor .elementor-drop-cap{float:left;text-align:center;line-height:1;font-size:50px}.elementor-widget-text-editor .elementor-drop-cap-letter{display:inline-block}<\/style>\t\t\t\t<h4>Alguns de nossos clientes:<\/h4>\r\n<table>\r\n<tbody>\r\n<tr>\r\n<td style=\"border: none; align: center; text-align: center;\"><a href=\"http:\/\/www.sigbol.com.br\"><img decoding=\"async\" title=\"Sigbol Fashion Escola de Moda - Cliente desde 2000\" src=\"\/logo_site\/sigbol.png\" width=\"150\" height=\"150\" \/><\/a><\/td>\r\n<td style=\"border: none; align: center; text-align: center;\"><a href=\"http:\/\/www.spmodal.com.br\"><img decoding=\"async\" title=\"SP Modal Transportes - Cliente desde 1995\" src=\"\/logo_site\/spmodal.jpg\" width=\"150\" height=\"150\" border=\"0\" \/><\/a><\/td>\r\n<td style=\"border: none; align: center; text-align: center;\"><a href=\"http:\/\/www.torideimplantes.com.br\"><img decoding=\"async\" title=\"T\u00f3ride Ind\u00fastria e Com\u00e9rcio de Materiais Implant\u00e1veis - Cliente desde 2003\" src=\"\/logo_site\/toride.gif\" width=\"110\" height=\"100\" border=\"0\" \/><\/a><\/td>\r\n<td style=\"border: none; align: center; text-align: center;\"><a href=\"http:\/\/www.guardamirimdeitapira.com.br\"><img loading=\"lazy\" decoding=\"async\" title=\"AIPA - Guarda Mirim de Itapira SP - Cliente desde 2009\" src=\"\/logo_site\/aipa.png\" width=\"120\" height=\"150\" border=\"0\" \/><\/a><\/td>\r\n<\/tr>\r\n<tr>\r\n<td style=\"border: none; align: center; text-align: center;\"><a href=\"http:\/\/www.proservengenharia.com.br\"><img loading=\"lazy\" decoding=\"async\" title=\"Proserv Engenharia - Cliente desde 2008\" src=\"\/logo_site\/proserv.PNG\" width=\"150\" height=\"150\" border=\"0\" \/><\/a><\/td>\r\n<td style=\"border: none; align: center; text-align: center;\"><a href=\"http:\/\/www.mogihidrofire.com.br\"><img loading=\"lazy\" decoding=\"async\" title=\"Mogi Hidrofire - Cliente desde 2012\" src=\"\/logo_site\/mogihidro.png\" width=\"150\" height=\"150\" border=\"0\" \/><\/a><\/td>\r\n<td style=\"border: none; align: center; text-align: center;\"><a href=\"http:\/\/sterlixambiental.com.br\/sterlix-piaui\/\"><img loading=\"lazy\" decoding=\"async\" title=\"Sterlix Ambiental Piau\u00ed - Cliente desde 2013\" src=\"\/logo_site\/sterlix.png\" width=\"150\" height=\"150\" border=\"0\" \/><\/a><\/td>\r\n<td style=\"border: none; align: center; text-align: center; text-align: center;\"><a href=\"http:\/\/www.audiometriaeverardocosta.com.br\"><img loading=\"lazy\" decoding=\"async\" title=\"Audiometria Dr. Everardo Costa - Cliente desde 2008\" src=\"\/logo_site\/clinica.jpg\" width=\"110\" height=\"100\" border=\"0\" \/>\r\n<b>Cl\u00ednica Dr.\r\nEverardo Costa<\/b><\/a><\/td>\r\n<\/tr>\r\n<tr>\r\n<td style=\"border: none; align: center; text-align: center;\"><a href=\"http:\/\/www.bellomix.com.br\"><img loading=\"lazy\" decoding=\"async\" title=\"BelloMix Distribuidora de Produtos Aliment\u00edcios - Cliente desde 2016\" src=\"\/logo_site\/bellomix.jpg\" width=\"120\" height=\"150\" border=\"0\" \/><\/a><\/td>\r\n<td style=\"border: none; align: center; text-align: center;\"><a href=\"http:\/\/www.espacomais.com.br\"><img loading=\"lazy\" decoding=\"async\" title=\"Espa\u00e7o Mais - Pisos e Revestimentos - Cliente desde 2003\" src=\"\/logo_site\/espacomais.jpg\" width=\"120\" height=\"150\" border=\"0\" \/><\/a><\/td>\r\n<td style=\"border: none; align: center; text-align: center;\"><a href=\"http:\/\/www.facebook.com\/laffescolademusica\"><img loading=\"lazy\" decoding=\"async\" title=\"LAFF - Escola de M\u00fasica - Cliente desde 2016\" src=\"\/logo_site\/laff.jpg\" width=\"120\" height=\"150\" border=\"0\" \/><\/a><\/td>\r\n<td style=\"border: none; align: center; text-align: center;\"><a href=\"http:\/\/www.apraiamotel.com.br\"><img loading=\"lazy\" decoding=\"async\" title=\"A Praia Motel - Cliente desde 2010\" src=\"\/logo_site\/apraiamotel.png\" width=\"100\" height=\"120\" border=\"0\" \/><\/a><\/td>\r\n<\/tr>\r\n<tr>\r\n<td style=\"border: none; align: center; text-align: center;\"><a href=\"http:\/\/www.saojoaquimesantana.org.br\"><img loading=\"lazy\" decoding=\"async\" title=\"Par\u00f3quia S\u00e3o Joaquim e Santana - Cliente desde 2011\" src=\"\/logo_site\/sjsantana.jpg\" width=\"200\" height=\"170\" border=\"0\" \/><\/a><\/td>\r\n<td style=\"border: none; align: center; text-align: center;\"><a href=\"http:\/\/www.sentaechora.com.br\"><img loading=\"lazy\" decoding=\"async\" title=\"Senta e Chora - Cliente desde 2015\" src=\"\/logo_site\/sentaechora.PNG\" width=\"200\" height=\"170\" border=\"0\" \/><\/a><\/td>\r\n<td style=\"border: none; align: center; text-align: center;\"><a href=\"http:\/\/www.jcadornoconsultoria.com.br\"><img loading=\"lazy\" decoding=\"async\" title=\"JC Adorno Consultoria - Cliente desde 2012\" src=\"\/logo_site\/jcadorno.jpg\" width=\"120\" height=\"150\" border=\"0\" \/><\/a><\/td>\r\n<td style=\"border: none; align: center; text-align: center;\"><a href=\"http:\/\/www.phesta.com.br\"><img loading=\"lazy\" decoding=\"async\" title=\"Phesta - Cliente desde 2011\" src=\"\/logo_site\/phesta.PNG\" width=\"150\" height=\"150\" border=\"0\" \/><\/a><\/td>\r\n<\/tr>\r\n<tr>\r\n<td style=\"border: none; align: center; text-align: center;\"><a href=\"http:\/\/www.ceamogi.com.br\"><img loading=\"lazy\" decoding=\"async\" title=\"Centro de Equoterapia Amanda - Cliente desde 2017\" src=\"\/logo_site\/ceammirim.PNG\" width=\"170\" height=\"100\" border=\"0\" \/><\/a><\/td>\r\n<td style=\"border: none; align: center; text-align: center;\"><a href=\"http:\/\/www.ciadojeep.com.br\"><img loading=\"lazy\" decoding=\"async\" title=\"Cia do Jeep - Cliente desde 2012\" src=\"\/logo_site\/ciadojeep.png\" width=\"160\" height=\"100\" border=\"0\" \/><\/a><\/td>\r\n<td style=\"border: none; align: center; text-align: center;\"><a href=\"http:\/\/www.escritoriosantos.com.br\"><img loading=\"lazy\" decoding=\"async\" title=\"Escrit\u00f3rio Santos - Cliente desde 2016\" src=\"\/logo_site\/esantos.jpg\" width=\"160\" height=\"150\" border=\"0\" \/><\/a><\/td>\r\n<td style=\"border: none; align: center; text-align: center;\"><a href=\"http:\/\/www.giroleitebrasil.com.br\"><img loading=\"lazy\" decoding=\"async\" title=\"GiroLeite Brasil - Cliente desde 2015\" src=\"\/logo_site\/giroleite.png\" width=\"200\" height=\"150\" border=\"0\" \/><\/a><\/td>\r\n<\/tr>\r\n<\/tbody>\r\n<\/table>\t\t\t\t\t\t<\/div>\n\t\t\t\t<\/div>\n\t\t\t\t<\/div>\n\t\t\t\t<\/div>\n\t\t","protected":false},"excerpt":{"rendered":"<p>Alguns de nossos clientes: Alguns de nossos clientes: Cl\u00ednica Dr. Everardo Costa<\/p>\n","protected":false},"author":1,"featured_media":0,"parent":0,"menu_order":0,"comment_status":"closed","ping_status":"closed","template":"elementor_header_footer","meta":[],"_links":{"self":[{"href":"https:\/\/www.savy.com.br\/index.php\/wp-json\/wp\/v2\/pages\/57"}],"collection":[{"href":"https:\/\/www.savy.com.br\/index.php\/wp-json\/wp\/v2\/pages"}],"about":[{"href":"https:\/\/www.savy.com.br\/index.php\/wp-json\/wp\/v2\/types\/page"}],"author":[{"embeddable":true,"href":"https:\/\/www.savy.com.br\/index.php\/wp-json\/wp\/v2\/users\/1"}],"replies":[{"embeddable":true,"href":"https:\/\/www.savy.com.br\/index.php\/wp-json\/wp\/v2\/comments?post=57"}],"version-history":[{"count":32,"href":"https:\/\/www.savy.com.br\/index.php\/wp-json\/wp\/v2\/pages\/57\/revisions"}],"predecessor-version":[{"id":585,"href":"https:\/\/www.savy.com.br\/index.php\/wp-json\/wp\/v2\/pages\/57\/revisions\/585"}],"wp:attachment":[{"href":"https:\/\/www.savy.com.br\/index.php\/wp-json\/wp\/v2\/media?parent=57"}],"curies":[{"name":"wp","href":"https:\/\/api.w.org\/{rel}","templated":true}]}}