{"id":586,"date":"2024-08-04T15:51:44","date_gmt":"2024-08-04T18:51:44","guid":{"rendered":"https:\/\/www.savy.com.br\/?page_id=586"},"modified":"2024-08-04T16:09:09","modified_gmt":"2024-08-04T19:09:09","slug":"segmento-de-proteses","status":"publish","type":"page","link":"https:\/\/www.savy.com.br\/index.php\/segmento-de-proteses\/","title":{"rendered":"Segmento de Prot\u00e9ses"},"content":{"rendered":"\t\t<div data-elementor-type=\"wp-page\" data-elementor-id=\"586\" class=\"elementor elementor-586\">\n\t\t\t\t<div class=\"elementor-element elementor-element-d1e6757 e-con-full e-flex e-con e-parent\" data-id=\"d1e6757\" data-element_type=\"container\" data-settings=\"{&quot;content_width&quot;:&quot;full&quot;}\" data-core-v316-plus=\"true\">\n\t\t<div class=\"elementor-element elementor-element-becbd14 e-con-full e-flex e-con e-child\" data-id=\"becbd14\" data-element_type=\"container\" data-settings=\"{&quot;content_width&quot;:&quot;full&quot;}\">\n\t\t\t\t<div class=\"elementor-element elementor-element-50b42f3 elementor-widget elementor-widget-heading\" data-id=\"50b42f3\" data-element_type=\"widget\" data-widget_type=\"heading.default\">\n\t\t\t\t<div class=\"elementor-widget-container\">\n\t\t\t<style>\/*! elementor - v3.19.0 - 05-02-2024 *\/\n.elementor-heading-title{padding:0;margin:0;line-height:1}.elementor-widget-heading .elementor-heading-title[class*=elementor-size-]>a{color:inherit;font-size:inherit;line-height:inherit}.elementor-widget-heading .elementor-heading-title.elementor-size-small{font-size:15px}.elementor-widget-heading .elementor-heading-title.elementor-size-medium{font-size:19px}.elementor-widget-heading .elementor-heading-title.elementor-size-large{font-size:29px}.elementor-widget-heading .elementor-heading-title.elementor-size-xl{font-size:39px}.elementor-widget-heading .elementor-heading-title.elementor-size-xxl{font-size:59px}<\/style><h2 class=\"elementor-heading-title elementor-size-default\">CASE DE SUCESSO - SEGMENTO DE PR\u00d3TESES<\/h2>\t\t<\/div>\n\t\t\t\t<\/div>\n\t\t\t\t<div class=\"elementor-element elementor-element-01c21a5 elementor-widget elementor-widget-text-editor\" data-id=\"01c21a5\" data-element_type=\"widget\" data-widget_type=\"text-editor.default\">\n\t\t\t\t<div class=\"elementor-widget-container\">\n\t\t\t<style>\/*! elementor - v3.19.0 - 05-02-2024 *\/\n.elementor-widget-text-editor.elementor-drop-cap-view-stacked .elementor-drop-cap{background-color:#69727d;color:#fff}.elementor-widget-text-editor.elementor-drop-cap-view-framed .elementor-drop-cap{color:#69727d;border:3px solid;background-color:transparent}.elementor-widget-text-editor:not(.elementor-drop-cap-view-default) .elementor-drop-cap{margin-top:8px}.elementor-widget-text-editor:not(.elementor-drop-cap-view-default) .elementor-drop-cap-letter{width:1em;height:1em}.elementor-widget-text-editor .elementor-drop-cap{float:left;text-align:center;line-height:1;font-size:50px}.elementor-widget-text-editor .elementor-drop-cap-letter{display:inline-block}<\/style>\t\t\t\t<p>O segmento de pr\u00f3teses \u00e9 considerado um case de sucesso da empresa. O nosso ERP foi adaptado de acordo com as necessidades das empresas do setor de pr\u00f3teses, de forma a garantir um melhor controle da qualidade do processo produtivo assim como um controle da qualidade dos produtos produzidos, proporcionando uma melhor ader\u00eancia \u00e0s legisla\u00e7\u00f5es sanit\u00e1rias e pr\u00e1ticas do mercado. Al\u00e9m disso, nosso sistema foi homologado atrav\u00e9s de um auditoria em um de nossos clientes com o selo da Anvisa, habilitando nosso sistema ser utilizado pelo segmento para continuar produzindo com garantia de qualidade e seguran\u00e7a.<\/p>\t\t\t\t\t\t<\/div>\n\t\t\t\t<\/div>\n\t\t\t\t<\/div>\n\t\t\t\t<\/div>\n\t\t<div class=\"elementor-element elementor-element-0288d3d e-con-full e-flex e-con e-parent\" data-id=\"0288d3d\" data-element_type=\"container\" data-settings=\"{&quot;content_width&quot;:&quot;full&quot;}\" data-core-v316-plus=\"true\">\n\t\t<div class=\"elementor-element elementor-element-e0d018a e-con-full e-flex e-con e-child\" data-id=\"e0d018a\" data-element_type=\"container\" data-settings=\"{&quot;content_width&quot;:&quot;full&quot;}\">\n\t\t\t\t<div class=\"elementor-element elementor-element-cd486bc elementor-widget elementor-widget-image\" data-id=\"cd486bc\" data-element_type=\"widget\" data-widget_type=\"image.default\">\n\t\t\t\t<div class=\"elementor-widget-container\">\n\t\t\t<style>\/*! elementor - v3.19.0 - 05-02-2024 *\/\n.elementor-widget-image{text-align:center}.elementor-widget-image a{display:inline-block}.elementor-widget-image a img[src$=\".svg\"]{width:48px}.elementor-widget-image img{vertical-align:middle;display:inline-block}<\/style>\t\t\t\t\t\t\t\t\t\t<img fetchpriority=\"high\" decoding=\"async\" width=\"220\" height=\"239\" src=\"https:\/\/www.savy.com.br\/wp-content\/uploads\/2024\/08\/Captura_de_tela_2024-08-04_154528-removebg-preview.png\" class=\"attachment-medium size-medium wp-image-624\" alt=\"\" \/>\t\t\t\t\t\t\t\t\t\t\t\t\t<\/div>\n\t\t\t\t<\/div>\n\t\t\t\t<\/div>\n\t\t<div class=\"elementor-element elementor-element-e3d3440 e-con-full e-flex e-con e-child\" data-id=\"e3d3440\" data-element_type=\"container\" data-settings=\"{&quot;content_width&quot;:&quot;full&quot;}\">\n\t\t\t\t<div class=\"elementor-element elementor-element-94fe435 elementor-widget elementor-widget-heading\" data-id=\"94fe435\" data-element_type=\"widget\" data-widget_type=\"heading.default\">\n\t\t\t\t<div class=\"elementor-widget-container\">\n\t\t\t<h2 class=\"elementor-heading-title elementor-size-default\">Certifica\u00e7\u00e3o ANVISA<\/h2>\t\t<\/div>\n\t\t\t\t<\/div>\n\t\t\t\t<div class=\"elementor-element elementor-element-1edaccd elementor-widget elementor-widget-text-editor\" data-id=\"1edaccd\" data-element_type=\"widget\" data-widget_type=\"text-editor.default\">\n\t\t\t\t<div class=\"elementor-widget-container\">\n\t\t\t\t\t\t\t<div class=\"flex-1 overflow-hidden\"><div class=\"h-full\"><div class=\"react-scroll-to-bottom--css-xnbju-79elbk h-full\"><div class=\"react-scroll-to-bottom--css-xnbju-1n7m0yu\"><div class=\"flex flex-col text-sm\"><div class=\"w-full text-token-text-primary\" dir=\"auto\" data-testid=\"conversation-turn-3\" data-scroll-anchor=\"true\"><div class=\"text-base py-[18px] px-3 md:px-4 m-auto md:px-5 lg:px-1 xl:px-5\"><div class=\"mx-auto flex flex-1 gap-4 text-base md:gap-5 lg:gap-6 md:max-w-3xl\"><div class=\"group\/conversation-turn relative flex w-full min-w-0 flex-col agent-turn\"><div class=\"flex-col gap-1 md:gap-3\"><div class=\"flex flex-grow flex-col max-w-full\"><div class=\"min-h-[20px] text-message flex w-full flex-col items-end gap-2 whitespace-pre-wrap break-words [.text-message+&amp;]:mt-5 overflow-x-auto\" dir=\"auto\" data-message-author-role=\"assistant\" data-message-id=\"4a1efa27-1ada-4a42-8d33-8ded2d70cad8\"><div class=\"flex w-full flex-col gap-1 empty:hidden first:pt-[3px]\"><div class=\"markdown prose w-full break-words dark:prose-invert light\"><p>Estamos orgulhosos de anunciar que nosso ERP para o setor de pr\u00f3teses recebeu a certifica\u00e7\u00e3o da Anvisa ap\u00f3s um rigoroso processo de auditoria. Essa homologa\u00e7\u00e3o garante que nosso sistema atende \u00e0s normas de qualidade e seguran\u00e7a exigidas pela legisla\u00e7\u00e3o, assegurando que nossos clientes possam operar com a m\u00e1xima confian\u00e7a e conformidade. Com isso, refor\u00e7amos nosso compromisso em fornecer solu\u00e7\u00f5es eficazes e seguras para o segmento.<\/p><\/div><\/div><\/div><\/div><\/div><\/div><\/div><\/div><\/div><\/div><\/div><\/div><\/div><\/div>\t\t\t\t\t\t<\/div>\n\t\t\t\t<\/div>\n\t\t\t\t<\/div>\n\t\t\t\t<\/div>\n\t\t<div class=\"elementor-element elementor-element-8f9a56f e-con-full e-flex e-con e-parent\" data-id=\"8f9a56f\" data-element_type=\"container\" data-settings=\"{&quot;content_width&quot;:&quot;full&quot;,&quot;background_background&quot;:&quot;classic&quot;}\" data-core-v316-plus=\"true\">\n\t\t<div class=\"elementor-element elementor-element-503ac34 e-con-full e-flex e-con e-child\" data-id=\"503ac34\" data-element_type=\"container\" data-settings=\"{&quot;content_width&quot;:&quot;full&quot;}\">\n\t\t\t\t<div class=\"elementor-element elementor-element-902547c elementor-widget elementor-widget-heading\" data-id=\"902547c\" data-element_type=\"widget\" data-widget_type=\"heading.default\">\n\t\t\t\t<div class=\"elementor-widget-container\">\n\t\t\t<h2 class=\"elementor-heading-title elementor-size-default\">Diferenciais do Sistema para Empresas do Segmento de Pr\u00f3teses<\/h2>\t\t<\/div>\n\t\t\t\t<\/div>\n\t\t\t\t<\/div>\n\t\t\t\t<\/div>\n\t\t<div class=\"elementor-element elementor-element-156d0e4 e-con-full e-flex e-con e-parent\" data-id=\"156d0e4\" data-element_type=\"container\" data-settings=\"{&quot;content_width&quot;:&quot;full&quot;,&quot;background_background&quot;:&quot;classic&quot;}\" data-core-v316-plus=\"true\">\n\t\t<div class=\"elementor-element elementor-element-11a3240 e-con-full e-flex e-con e-child\" data-id=\"11a3240\" data-element_type=\"container\" data-settings=\"{&quot;content_width&quot;:&quot;full&quot;}\">\n\t\t\t\t<div class=\"elementor-element elementor-element-c8a6db6 elementor-widget-tablet__width-initial elementor-widget elementor-widget-image\" data-id=\"c8a6db6\" data-element_type=\"widget\" data-widget_type=\"image.default\">\n\t\t\t\t<div class=\"elementor-widget-container\">\n\t\t\t\t\t\t\t\t\t\t\t\t\t<img decoding=\"async\" width=\"150\" height=\"150\" src=\"https:\/\/www.savy.com.br\/wp-content\/uploads\/2024\/08\/quality-150x150.png\" class=\"attachment-thumbnail size-thumbnail wp-image-623\" alt=\"\" srcset=\"https:\/\/www.savy.com.br\/wp-content\/uploads\/2024\/08\/quality-150x150.png 150w, https:\/\/www.savy.com.br\/wp-content\/uploads\/2024\/08\/quality-300x300.png 300w, https:\/\/www.savy.com.br\/wp-content\/uploads\/2024\/08\/quality.png 512w\" sizes=\"(max-width: 150px) 100vw, 150px\" \/>\t\t\t\t\t\t\t\t\t\t\t\t\t<\/div>\n\t\t\t\t<\/div>\n\t\t\t\t<div class=\"elementor-element elementor-element-ed848fa elementor-widget elementor-widget-heading\" data-id=\"ed848fa\" data-element_type=\"widget\" data-widget_type=\"heading.default\">\n\t\t\t\t<div class=\"elementor-widget-container\">\n\t\t\t<h2 class=\"elementor-heading-title elementor-size-default\">Controle de Qualidade<\/h2>\t\t<\/div>\n\t\t\t\t<\/div>\n\t\t\t\t<div class=\"elementor-element elementor-element-7dabf2f elementor-widget elementor-widget-text-editor\" data-id=\"7dabf2f\" data-element_type=\"widget\" data-widget_type=\"text-editor.default\">\n\t\t\t\t<div class=\"elementor-widget-container\">\n\t\t\t\t\t\t\t<p>O sistema garante uma excelente inspe\u00e7\u00e3o da qualidade para mat\u00e9ria prima e do processo produtivo.<span style=\"color: var( --e-global-color-9533109 ); font-family: var( --e-global-typography-text-font-family ), Sans-serif; font-weight: var( --e-global-typography-text-font-weight ); font-size: 1rem;\">&nbsp;<\/span><\/p>\t\t\t\t\t\t<\/div>\n\t\t\t\t<\/div>\n\t\t\t\t<\/div>\n\t\t<div class=\"elementor-element elementor-element-bc90ef7 e-con-full e-flex e-con e-child\" data-id=\"bc90ef7\" data-element_type=\"container\" data-settings=\"{&quot;content_width&quot;:&quot;full&quot;}\">\n\t\t\t\t<div class=\"elementor-element elementor-element-2406911 elementor-widget-tablet__width-initial elementor-widget elementor-widget-image\" data-id=\"2406911\" data-element_type=\"widget\" data-widget_type=\"image.default\">\n\t\t\t\t<div class=\"elementor-widget-container\">\n\t\t\t\t\t\t\t\t\t\t\t\t\t<img decoding=\"async\" width=\"150\" height=\"150\" src=\"https:\/\/www.savy.com.br\/wp-content\/uploads\/2024\/08\/production-150x150.png\" class=\"attachment-thumbnail size-thumbnail wp-image-622\" alt=\"\" srcset=\"https:\/\/www.savy.com.br\/wp-content\/uploads\/2024\/08\/production-150x150.png 150w, https:\/\/www.savy.com.br\/wp-content\/uploads\/2024\/08\/production-300x300.png 300w, https:\/\/www.savy.com.br\/wp-content\/uploads\/2024\/08\/production.png 512w\" sizes=\"(max-width: 150px) 100vw, 150px\" \/>\t\t\t\t\t\t\t\t\t\t\t\t\t<\/div>\n\t\t\t\t<\/div>\n\t\t\t\t<div class=\"elementor-element elementor-element-80d2e37 elementor-widget elementor-widget-heading\" data-id=\"80d2e37\" data-element_type=\"widget\" data-widget_type=\"heading.default\">\n\t\t\t\t<div class=\"elementor-widget-container\">\n\t\t\t<h2 class=\"elementor-heading-title elementor-size-default\">Controle de Produ\u00e7\u00e3o<\/h2>\t\t<\/div>\n\t\t\t\t<\/div>\n\t\t\t\t<div class=\"elementor-element elementor-element-9238f51 elementor-widget elementor-widget-text-editor\" data-id=\"9238f51\" data-element_type=\"widget\" data-widget_type=\"text-editor.default\">\n\t\t\t\t<div class=\"elementor-widget-container\">\n\t\t\t\t\t\t\t<p>O controle da produ\u00e7\u00e3o \u00e9 realizado atrav\u00e9s da cria\u00e7\u00e3o da lista t\u00e9cnica dos produtos, de um roteiro de produ\u00e7\u00e3o bem definido e apontamentos t\u00e9cnicos.<\/p>\t\t\t\t\t\t<\/div>\n\t\t\t\t<\/div>\n\t\t\t\t<\/div>\n\t\t<div class=\"elementor-element elementor-element-b9738e2 e-con-full e-flex e-con e-child\" data-id=\"b9738e2\" data-element_type=\"container\" data-settings=\"{&quot;content_width&quot;:&quot;full&quot;}\">\n\t\t\t\t<div class=\"elementor-element elementor-element-0f4aad8 elementor-widget-tablet__width-initial elementor-widget elementor-widget-image\" data-id=\"0f4aad8\" data-element_type=\"widget\" data-widget_type=\"image.default\">\n\t\t\t\t<div class=\"elementor-widget-container\">\n\t\t\t\t\t\t\t\t\t\t\t\t\t<img loading=\"lazy\" decoding=\"async\" width=\"150\" height=\"150\" src=\"https:\/\/www.savy.com.br\/wp-content\/uploads\/2024\/08\/product-tracking-150x150.png\" class=\"attachment-thumbnail size-thumbnail wp-image-621\" alt=\"\" srcset=\"https:\/\/www.savy.com.br\/wp-content\/uploads\/2024\/08\/product-tracking-150x150.png 150w, https:\/\/www.savy.com.br\/wp-content\/uploads\/2024\/08\/product-tracking-300x300.png 300w, https:\/\/www.savy.com.br\/wp-content\/uploads\/2024\/08\/product-tracking.png 512w\" sizes=\"(max-width: 150px) 100vw, 150px\" \/>\t\t\t\t\t\t\t\t\t\t\t\t\t<\/div>\n\t\t\t\t<\/div>\n\t\t\t\t<div class=\"elementor-element elementor-element-afc9083 elementor-widget elementor-widget-heading\" data-id=\"afc9083\" data-element_type=\"widget\" data-widget_type=\"heading.default\">\n\t\t\t\t<div class=\"elementor-widget-container\">\n\t\t\t<h2 class=\"elementor-heading-title elementor-size-default\">Rastreabilidade do Produto<\/h2>\t\t<\/div>\n\t\t\t\t<\/div>\n\t\t\t\t<div class=\"elementor-element elementor-element-25c35c7 elementor-widget elementor-widget-text-editor\" data-id=\"25c35c7\" data-element_type=\"widget\" data-widget_type=\"text-editor.default\">\n\t\t\t\t<div class=\"elementor-widget-container\">\n\t\t\t\t\t\t\t<p>Acompanhamento do processo produtivo desde a compra da mat\u00e9ria prima at\u00e9 a venda do produto acabando.<\/p>\t\t\t\t\t\t<\/div>\n\t\t\t\t<\/div>\n\t\t\t\t<\/div>\n\t\t<div class=\"elementor-element elementor-element-8339670 e-con-full e-flex e-con e-child\" data-id=\"8339670\" data-element_type=\"container\" data-settings=\"{&quot;content_width&quot;:&quot;full&quot;}\">\n\t\t\t\t<div class=\"elementor-element elementor-element-fa63be6 elementor-widget-tablet__width-initial elementor-widget elementor-widget-image\" data-id=\"fa63be6\" data-element_type=\"widget\" data-widget_type=\"image.default\">\n\t\t\t\t<div class=\"elementor-widget-container\">\n\t\t\t\t\t\t\t\t\t\t\t\t\t<img loading=\"lazy\" decoding=\"async\" width=\"150\" height=\"150\" src=\"https:\/\/www.savy.com.br\/wp-content\/uploads\/2024\/08\/manage-150x150.png\" class=\"attachment-thumbnail size-thumbnail wp-image-620\" alt=\"\" srcset=\"https:\/\/www.savy.com.br\/wp-content\/uploads\/2024\/08\/manage-150x150.png 150w, https:\/\/www.savy.com.br\/wp-content\/uploads\/2024\/08\/manage-300x300.png 300w, https:\/\/www.savy.com.br\/wp-content\/uploads\/2024\/08\/manage.png 512w\" sizes=\"(max-width: 150px) 100vw, 150px\" \/>\t\t\t\t\t\t\t\t\t\t\t\t\t<\/div>\n\t\t\t\t<\/div>\n\t\t\t\t<div class=\"elementor-element elementor-element-2acb460 elementor-widget elementor-widget-heading\" data-id=\"2acb460\" data-element_type=\"widget\" data-widget_type=\"heading.default\">\n\t\t\t\t<div class=\"elementor-widget-container\">\n\t\t\t<h2 class=\"elementor-heading-title elementor-size-default\">Gerenciamento Eletr\u00f4nico de Documentos<\/h2>\t\t<\/div>\n\t\t\t\t<\/div>\n\t\t\t\t<div class=\"elementor-element elementor-element-aa25796 elementor-widget elementor-widget-text-editor\" data-id=\"aa25796\" data-element_type=\"widget\" data-widget_type=\"text-editor.default\">\n\t\t\t\t<div class=\"elementor-widget-container\">\n\t\t\t\t\t\t\t<p>Arquivos digitalizados e controle de procedimentos internos.<\/p>\t\t\t\t\t\t<\/div>\n\t\t\t\t<\/div>\n\t\t\t\t<\/div>\n\t\t\t\t<\/div>\n\t\t\t\t<\/div>\n\t\t","protected":false},"excerpt":{"rendered":"<p>CASE DE SUCESSO &#8211; SEGMENTO DE PR\u00d3TESES O segmento de pr\u00f3teses \u00e9 considerado um case de sucesso da empresa. O nosso ERP foi adaptado de acordo com as necessidades das empresas do setor de pr\u00f3teses, de forma a garantir um melhor controle da qualidade do processo produtivo assim como um controle da qualidade dos produtos [&hellip;]<\/p>\n","protected":false},"author":1,"featured_media":0,"parent":0,"menu_order":0,"comment_status":"closed","ping_status":"closed","template":"elementor_header_footer","meta":[],"_links":{"self":[{"href":"https:\/\/www.savy.com.br\/index.php\/wp-json\/wp\/v2\/pages\/586"}],"collection":[{"href":"https:\/\/www.savy.com.br\/index.php\/wp-json\/wp\/v2\/pages"}],"about":[{"href":"https:\/\/www.savy.com.br\/index.php\/wp-json\/wp\/v2\/types\/page"}],"author":[{"embeddable":true,"href":"https:\/\/www.savy.com.br\/index.php\/wp-json\/wp\/v2\/users\/1"}],"replies":[{"embeddable":true,"href":"https:\/\/www.savy.com.br\/index.php\/wp-json\/wp\/v2\/comments?post=586"}],"version-history":[{"count":31,"href":"https:\/\/www.savy.com.br\/index.php\/wp-json\/wp\/v2\/pages\/586\/revisions"}],"predecessor-version":[{"id":654,"href":"https:\/\/www.savy.com.br\/index.php\/wp-json\/wp\/v2\/pages\/586\/revisions\/654"}],"wp:attachment":[{"href":"https:\/\/www.savy.com.br\/index.php\/wp-json\/wp\/v2\/media?parent=586"}],"curies":[{"name":"wp","href":"https:\/\/api.w.org\/{rel}","templated":true}]}}