{"id":9,"date":"2016-09-19T16:31:00","date_gmt":"2016-09-19T19:31:00","guid":{"rendered":"http:\/\/www.savy.com.br\/?page_id=9"},"modified":"2018-08-14T12:28:31","modified_gmt":"2018-08-14T15:28:31","slug":"historia","status":"publish","type":"page","link":"https:\/\/www.savy.com.br\/index.php\/historia\/","title":{"rendered":"Hist\u00f3ria"},"content":{"rendered":"<p><STRONG>A Savy &#8211; Solu\u00e7\u00f5es em TI<\/STRONG> foi fundada em 25\/11\/1994. Desde ent\u00e3o, desenvolve solu\u00e7\u00f5es em tecnologia da informa\u00e7\u00e3o focadas no cliente. <\/p>\n<p>Na \u00e9poca de sua funda\u00e7\u00e3o, a empresa prestava basicamente 3 tipos de servi\u00e7os:<\/p>\n<ul>\n<li>Programa\u00e7\u00e3o e desenvolvimento de sistemas em Clipper, Delphi e Visual Basic<\/li>\n<li>Editora\u00e7\u00e3o eletr\u00f4nica (apostilas, manuais, material publicit\u00e1rio, jornais&#8230;), usando principalmente o software PageMaker e v\u00e1rios outros para tratamento de imagens, digita\u00e7\u00e3o, corre\u00e7\u00e3o e formata\u00e7\u00e3o de textos<\/li>\n<li>Instala\u00e7\u00e3o de software, formata\u00e7\u00e3o de computadores, treinamentos espec\u00edficos em Microsoft Office, entre outros.<\/li>\n<\/ul>\n<p>A partir do ano 2000 a empresa focou no desenvolvimento do sistema <STRONG>TRIX<\/STRONG>, um ERP SaaS para empresas de diversos setores que funciona via web.<\/p>\n<p>Este tem sido o foco principal da empresa. Com o sistema TRIX a Savy\u00a0atende a diversos clientes, de diferentes ramos de atividades. Para mais informa\u00e7\u00f5es sobre este sistema, consulte www.trixsys.com.br<\/p>\n<p>Atualmente, al\u00e9m do TRIX, a Savy tamb\u00e9m hospeda sites e iniciou o desenvolvimento de software tamb\u00e9m para smartphones.<\/p>\n","protected":false},"excerpt":{"rendered":"<p>A Savy &#8211; Solu\u00e7\u00f5es em TI foi fundada em 25\/11\/1994. Desde ent\u00e3o, desenvolve solu\u00e7\u00f5es em tecnologia da informa\u00e7\u00e3o focadas no cliente. Na \u00e9poca de sua funda\u00e7\u00e3o, a empresa prestava basicamente 3 tipos de servi\u00e7os: Programa\u00e7\u00e3o e desenvolvimento de sistemas em Clipper, Delphi e Visual Basic Editora\u00e7\u00e3o eletr\u00f4nica (apostilas, manuais, material publicit\u00e1rio, jornais&#8230;), usando principalmente o [&hellip;]<\/p>\n","protected":false},"author":1,"featured_media":0,"parent":0,"menu_order":0,"comment_status":"closed","ping_status":"closed","template":"","meta":[],"_links":{"self":[{"href":"https:\/\/www.savy.com.br\/index.php\/wp-json\/wp\/v2\/pages\/9"}],"collection":[{"href":"https:\/\/www.savy.com.br\/index.php\/wp-json\/wp\/v2\/pages"}],"about":[{"href":"https:\/\/www.savy.com.br\/index.php\/wp-json\/wp\/v2\/types\/page"}],"author":[{"embeddable":true,"href":"https:\/\/www.savy.com.br\/index.php\/wp-json\/wp\/v2\/users\/1"}],"replies":[{"embeddable":true,"href":"https:\/\/www.savy.com.br\/index.php\/wp-json\/wp\/v2\/comments?post=9"}],"version-history":[{"count":9,"href":"https:\/\/www.savy.com.br\/index.php\/wp-json\/wp\/v2\/pages\/9\/revisions"}],"predecessor-version":[{"id":111,"href":"https:\/\/www.savy.com.br\/index.php\/wp-json\/wp\/v2\/pages\/9\/revisions\/111"}],"wp:attachment":[{"href":"https:\/\/www.savy.com.br\/index.php\/wp-json\/wp\/v2\/media?parent=9"}],"curies":[{"name":"wp","href":"https:\/\/api.w.org\/{rel}","templated":true}]}}